{"id":5747,"date":"2026-02-27T20:41:38","date_gmt":"2026-02-27T19:41:38","guid":{"rendered":"https:\/\/hanumanyoga.ch\/?page_id=5747"},"modified":"2026-02-27T21:02:46","modified_gmt":"2026-02-27T20:02:46","slug":"home-close","status":"publish","type":"page","link":"https:\/\/hanumanyoga.ch\/en\/","title":{"rendered":"HOME CLOSE"},"content":{"rendered":"<section class=\"l-section wpb_row height_medium full_height valign_center width_full with_img parallax_ver\"><div class=\"l-section-img\" role=\"img\" aria-label=\"Yoga in Basel Yogastudio Basel Yoga Studio Hanuman Yoga Vinyasa Yoga\" data-img-width=\"1920\" data-img-height=\"1280\" style=\"background-image: url(https:\/\/hanumanyoga.ch\/wp-content\/uploads\/2019\/11\/019-e1576075235484.jpg);background-position: top center;background-repeat: no-repeat;\"><\/div><div class=\"l-section-h i-cf\"><div class=\"g-cols vc_row via_grid cols_1 laptops-cols_inherit tablets-cols_inherit mobiles-cols_1 valign_top type_default stacking_default\"><div class=\"wpb_column vc_column_container has-link\"><div class=\"vc_column-inner\"><div class=\"wpb_text_column us_custom_336a3bf9 pageHeadText\"><div class=\"wpb_wrapper\"><h1 style=\"text-align: center; text-shadow: 2px 4px 3px rgba(0,0,0,0.3);\"><span style=\"color: #ffffff; z-index: 20000;\">HANUMAN YOGA<\/span><\/h1>\n<div id=\"gtx-trans\" style=\"position: absolute; left: 367px; top: 36px;\">\n<div class=\"gtx-trans-icon\"><\/div>\n<\/div>\n<\/div><\/div><\/div><a href=\"\/en\/[]\/\" class=\"vc_column-link smooth-scroll\" aria-label=\"Link\"><\/a><\/div><\/div><\/div><\/section><section class=\"l-section wpb_row us_custom_a2106a23 height_medium\"><div class=\"l-section-h i-cf\"><div class=\"g-cols vc_row via_grid cols_1-4-1 laptops-cols_inherit tablets-cols_inherit mobiles-cols_1 valign_top type_default stacking_default\"><div class=\"wpb_column vc_column_container\"><div class=\"vc_column-inner\"><\/div><\/div><div class=\"wpb_column vc_column_container us_custom_54e7f678\"><div class=\"vc_column-inner\"><div class=\"w-hwrapper valign_middle align_none\" style=\"--hwrapper-gap:1.9rem\"><div class=\"w-image has_ratio align_none\"><div class=\"w-image-h\"><div style=\"padding-bottom:133.3333%\"><\/div><img decoding=\"async\" width=\"192\" height=\"192\" src=\"https:\/\/hanumanyoga.ch\/wp-content\/uploads\/2020\/10\/Application-Icon.png\" class=\"attachment-large size-large\" alt=\"\" loading=\"lazy\" \/><\/div><\/div><div class=\"wpb_text_column firstText\"><div class=\"wpb_wrapper\"><div class=\"elementToProof\" style=\"text-align: left;\">Das Hanuman Yoga Studio wurde am 22.02.2026 geschlossen, da sich die Inhaberinnen Anna und Kim mehr auf ihre Familien konzentrieren m\u00f6chten.<br \/>\nWer mit den beiden in Kontakt bleiben und \u00fcber k\u00fcnftige Projekte und sporadische Yogalektionen informiert werden m\u00f6chte, kann sich gerne per Mail (<u><a id=\"OWAdedeca27-e78b-9f46-203f-02ba27172d44\" class=\"OWAAutoLink\" title=\"mailto:yoga@hanumanyoga.ch\" href=\"mailto:yoga@hanumanyoga.ch\">yoga@hanumanyoga.ch<\/a><\/u>) melden und sich auf den Mailverteiler setzen lassen.<\/div>\n<\/div><\/div><\/div><\/div><\/div><div class=\"wpb_column vc_column_container\"><div class=\"vc_column-inner\"><\/div><\/div><\/div><\/div><\/section><section class=\"l-section wpb_row us_custom_a2106a23 height_medium\"><div class=\"l-section-h i-cf\"><div class=\"g-cols vc_row via_grid cols_1-4-1 laptops-cols_inherit tablets-cols_inherit mobiles-cols_1 valign_top type_default stacking_default\"><div class=\"wpb_column vc_column_container\"><div class=\"vc_column-inner\"><\/div><\/div><div class=\"wpb_column vc_column_container us_custom_54e7f678\"><div class=\"vc_column-inner\"><div class=\"wpb_text_column\"><div class=\"wpb_wrapper\"><p>Es gibt eine Liste mit Yogavideos mit Anna, Kim und Sara (Yoga &amp; HIIT), welche von ruhigen Yin Lektionen \u00fcber fliessende Vinyasa Yoga Lektonen bis zu schweisstreibenden Yoga und HIIT Stunden reicht. Auch die mehrteiligen Yoga-Programme sind erh\u00e4ltlich.<\/p>\n<p>Anna hat auch viele Yogavideos f\u00fcr Schwangere aufgenommen. Bei Bedarf gerne melden und ihr bekommt die vielf\u00e4ltige Auswahl zugeschickt.<\/p>\n<div class=\"elementToProof\">\n<p>Wer die Hanuman Yoga Vibes zu sich nach Hause holen m\u00f6chte, darf sich gerne per Mail melden und die gew\u00fcnschten Lektionen angeben. Wir schicken dann einen Link zum Video mit unbegrenztem Zugang.<\/p>\n<p>&nbsp;<\/p>\n<div class=\"elementToProof\"><strong>Wir danken allen treuen Hanumanlis und freuen uns, wenn wir uns wieder sehen.<\/strong><\/div>\n<div><\/div>\n<p>&nbsp;<\/p>\n<div>\n<div class=\"elementToProof\">Videothek Hanuman Yoga<\/div>\n<table border=\"1\" cellspacing=\"0\" cellpadding=\"0\">\n<tbody>\n<tr>\n<td>\n<div><b>Nr.<\/b><\/div>\n<\/td>\n<td>\n<div><b>Titel<\/b><\/div>\n<\/td>\n<td>\n<div><b>Lehrerin<\/b><\/div>\n<\/td>\n<td>\n<div><b>Dauer<\/b><\/div>\n<\/td>\n<td>\n<div><b>Preis<\/b><\/div>\n<\/td>\n<\/tr>\n<tr>\n<td>\n<div>1<\/div>\n<\/td>\n<td>\n<div>Yoga&amp;HIIT: 27.3.2021<\/div>\n<\/td>\n<td>\n<div>Sara<\/div>\n<\/td>\n<td>\n<div>60 Min.<\/div>\n<\/td>\n<td>\n<div>20.-<\/div>\n<\/td>\n<\/tr>\n<tr>\n<td>\n<div>2<\/div>\n<\/td>\n<td>\n<div>Yoga&amp;HIIT: as many reps as possible<\/div>\n<\/td>\n<td>\n<div>Sara<\/div>\n<\/td>\n<td>\n<div>60 Min.<\/div>\n<\/td>\n<td>\n<div>20.-<\/div>\n<\/td>\n<\/tr>\n<tr>\n<td>\n<div>3<\/div>\n<\/td>\n<td>\n<div>Yoga&amp;HIIT &#8211; 13.3.2021<\/div>\n<\/td>\n<td>\n<div>Sara<\/div>\n<\/td>\n<td>\n<div>60 Min.<\/div>\n<\/td>\n<td>\n<div>20.-<\/div>\n<\/td>\n<\/tr>\n<tr>\n<td>\n<div>4<\/div>\n<\/td>\n<td>\n<div>Yoga&amp;HIIT 6.3.2021<\/div>\n<\/td>\n<td>\n<div>Sara<\/div>\n<\/td>\n<td>\n<div>60 Min.<\/div>\n<\/td>\n<td>\n<div>20.-<\/div>\n<\/td>\n<\/tr>\n<tr>\n<td>\n<div>5<\/div>\n<\/td>\n<td>\n<div>Yoga&amp;HIIT: Cardio, Beine, Schultern, Core<\/div>\n<\/td>\n<td>\n<div>Sara<\/div>\n<\/td>\n<td>\n<div>60 Min.<\/div>\n<\/td>\n<td>\n<div>20.-<\/div>\n<\/td>\n<\/tr>\n<tr>\n<td>\n<div>6<\/div>\n<\/td>\n<td>\n<div>Yoga&amp;HIIT: Full Body<\/div>\n<\/td>\n<td>\n<div>Sara<\/div>\n<\/td>\n<td>\n<div>60 Min.<\/div>\n<\/td>\n<td>\n<div>20.-<\/div>\n<\/td>\n<\/tr>\n<tr>\n<td>\n<div><\/div>\n<\/td>\n<td>\n<div><\/div>\n<\/td>\n<td>\n<div><\/div>\n<\/td>\n<td>\n<div><\/div>\n<\/td>\n<td>\n<div><\/div>\n<\/td>\n<\/tr>\n<tr>\n<td>\n<div>7<\/div>\n<\/td>\n<td>\n<div>Sonnengr\u00fcsse &#8211; Verspielte Sonnengr\u00fcsse<\/div>\n<\/td>\n<td>\n<div>Anna<\/div>\n<\/td>\n<td>\n<div>60 Min.<\/div>\n<\/td>\n<td>\n<div>20.-<\/div>\n<\/td>\n<\/tr>\n<tr>\n<td>\n<div>8<\/div>\n<\/td>\n<td>\n<div>Sonnengr\u00fcsse &#8211; Aktiviere deine Sonnenenergie<\/div>\n<\/td>\n<td>\n<div>Anna<\/div>\n<\/td>\n<td>\n<div>60 Min.<\/div>\n<\/td>\n<td>\n<div>20.-<\/div>\n<\/td>\n<\/tr>\n<tr>\n<td>\n<div>9<\/div>\n<\/td>\n<td>\n<div>Sonnengr\u00fcsse &#8211; Energie komm zur\u00fcck<\/div>\n<\/td>\n<td>\n<div>Anna<\/div>\n<\/td>\n<td>\n<div>60 Min.<\/div>\n<\/td>\n<td>\n<div>20.-<\/div>\n<\/td>\n<\/tr>\n<tr>\n<td>\n<div>10<\/div>\n<\/td>\n<td>\n<div>Sonnengr\u00fcsse &#8211; Move with Intention<\/div>\n<\/td>\n<td>\n<div>Anna<\/div>\n<\/td>\n<td>\n<div>60 Min.<\/div>\n<\/td>\n<td>\n<div>20.-<\/div>\n<\/td>\n<\/tr>\n<tr>\n<td>\n<div>11<\/div>\n<\/td>\n<td>\n<div>Sonnengr\u00fcsse &#8211; Rise &amp; Shine<\/div>\n<\/td>\n<td>\n<div>Anna<\/div>\n<\/td>\n<td>\n<div>60 Min.<\/div>\n<\/td>\n<td>\n<div>20.-<\/div>\n<\/td>\n<\/tr>\n<tr>\n<td>\n<div><\/div>\n<\/td>\n<td>\n<div><\/div>\n<\/td>\n<td>\n<div><\/div>\n<\/td>\n<td>\n<div><\/div>\n<\/td>\n<td>\n<div><\/div>\n<\/td>\n<\/tr>\n<tr>\n<td>\n<div>12<\/div>\n<\/td>\n<td>\n<div>Resilienz &#8211; Ishvara Pranidhana (kurzes Mikroproblem am Anfang)<\/div>\n<\/td>\n<td>\n<div>Anna<\/div>\n<\/td>\n<td>\n<div>60 Min.<\/div>\n<\/td>\n<td>\n<div>20.-<\/div>\n<\/td>\n<\/tr>\n<tr>\n<td>\n<div>13<\/div>\n<\/td>\n<td>\n<div>Resilienz &#8211; Umgang mit Emotionen<\/div>\n<\/td>\n<td>\n<div>Anna<\/div>\n<\/td>\n<td>\n<div>60 Min.<\/div>\n<\/td>\n<td>\n<div>20.-<\/div>\n<\/td>\n<\/tr>\n<tr>\n<td>\n<div>14<\/div>\n<\/td>\n<td>\n<div>Resilienz- Flexibilit\u00e4t<\/div>\n<\/td>\n<td>\n<div>Anna<\/div>\n<\/td>\n<td>\n<div>60 Min.<\/div>\n<\/td>\n<td>\n<div>20.-<\/div>\n<\/td>\n<\/tr>\n<tr>\n<td>\n<div>15<\/div>\n<\/td>\n<td>\n<div>Resilienz -Widerstandsf\u00e4higkeit<\/div>\n<\/td>\n<td>\n<div>Anna<\/div>\n<\/td>\n<td>\n<div>60 Min.<\/div>\n<\/td>\n<td>\n<div>20.-<\/div>\n<\/td>\n<\/tr>\n<tr>\n<td>\n<div>16<\/div>\n<\/td>\n<td>\n<div>Reset &amp; Unwind<\/div>\n<\/td>\n<td>\n<div>Anna<\/div>\n<\/td>\n<td>\n<div>60 Min.<\/div>\n<\/td>\n<td>\n<div>20.-<\/div>\n<\/td>\n<\/tr>\n<tr>\n<td>\n<div>17<\/div>\n<\/td>\n<td>\n<div>Good Morning Flow am Sonntag<\/div>\n<\/td>\n<td>\n<div>Anna<\/div>\n<\/td>\n<td>\n<div>60 Min.<\/div>\n<\/td>\n<td>\n<div>20.-<\/div>\n<\/td>\n<\/tr>\n<tr>\n<td>\n<div>18<\/div>\n<\/td>\n<td>\n<div>Home Office Flow &#8211; Lunch Reset<\/div>\n<\/td>\n<td>\n<div>Anna<\/div>\n<\/td>\n<td>\n<div>60 Min.<\/div>\n<\/td>\n<td>\n<div>20.-<\/div>\n<\/td>\n<\/tr>\n<tr>\n<td>\n<div>19<\/div>\n<\/td>\n<td>\n<div>Happy Hour Flow &#8211; Hello Weekend<\/div>\n<\/td>\n<td>\n<div>Anna<\/div>\n<\/td>\n<td>\n<div>60 Min.<\/div>\n<\/td>\n<td>\n<div>20.-<\/div>\n<\/td>\n<\/tr>\n<tr>\n<td>\n<div>20<\/div>\n<\/td>\n<td>\n<div>Twists &amp; H\u00fcfte<\/div>\n<\/td>\n<td>\n<div>Kim<\/div>\n<\/td>\n<td>\n<div>60 Min.<\/div>\n<\/td>\n<td>\n<div>20.-<\/div>\n<\/td>\n<\/tr>\n<tr>\n<td>\n<div>21<\/div>\n<\/td>\n<td>\n<div>Morning Breeze Yoga<\/div>\n<\/td>\n<td>\n<div>Kim<\/div>\n<\/td>\n<td>\n<div>60 Min.<\/div>\n<\/td>\n<td>\n<div>20.-<\/div>\n<\/td>\n<\/tr>\n<tr>\n<td>\n<div>22<\/div>\n<\/td>\n<td>\n<div>Sthira Sukham Asanam<\/div>\n<\/td>\n<td>\n<div>Kim<\/div>\n<\/td>\n<td>\n<div>60 Min.<\/div>\n<\/td>\n<td>\n<div>20.-<\/div>\n<\/td>\n<\/tr>\n<tr>\n<td>\n<div>23<\/div>\n<\/td>\n<td>\n<div>Home Office Flow &#8211; Open Front, Strong Back<\/div>\n<\/td>\n<td>\n<div>Kim<\/div>\n<\/td>\n<td>\n<div>60 Min.<\/div>\n<\/td>\n<td>\n<div>20.-<\/div>\n<\/td>\n<\/tr>\n<tr>\n<td>\n<div>24<\/div>\n<\/td>\n<td>\n<div>Wake Up Flow<\/div>\n<\/td>\n<td>\n<div>Kim<\/div>\n<\/td>\n<td>\n<div>60 Min.<\/div>\n<\/td>\n<td>\n<div>20.-<\/div>\n<\/td>\n<\/tr>\n<tr>\n<td>\n<div>25<\/div>\n<\/td>\n<td>\n<div>Just Flow<\/div>\n<\/td>\n<td>\n<div>Anna<\/div>\n<\/td>\n<td>\n<div>45 Min.<\/div>\n<\/td>\n<td>\n<div>18.-<\/div>\n<\/td>\n<\/tr>\n<tr>\n<td>\n<div>26<\/div>\n<\/td>\n<td>\n<div>Flow f\u00fcr Jogger<\/div>\n<\/td>\n<td>\n<div>Anna<\/div>\n<\/td>\n<td>\n<div>30 Min.<\/div>\n<\/td>\n<td>\n<div>15.-<\/div>\n<\/td>\n<\/tr>\n<tr>\n<td>\n<div>27<\/div>\n<\/td>\n<td>\n<div>10ni Pause Flow<\/div>\n<\/td>\n<td>\n<div>Kim<\/div>\n<\/td>\n<td>\n<div>40 Min.<\/div>\n<\/td>\n<td>\n<div>18.-<\/div>\n<\/td>\n<\/tr>\n<tr>\n<td>\n<div>28<\/div>\n<\/td>\n<td>\n<div>it&#8217;s so twisted<\/div>\n<\/td>\n<td>\n<div>Anna<\/div>\n<\/td>\n<td>\n<div>40 Min.<\/div>\n<\/td>\n<td>\n<div>18.-<\/div>\n<\/td>\n<\/tr>\n<tr>\n<td>\n<div>29<\/div>\n<\/td>\n<td>\n<div>Feel Good Flow<\/div>\n<\/td>\n<td>\n<div>Anna<\/div>\n<\/td>\n<td>\n<div>60 Min.<\/div>\n<\/td>\n<td>\n<div>20.-<\/div>\n<\/td>\n<\/tr>\n<tr>\n<td>\n<div>30<\/div>\n<\/td>\n<td>\n<div>Home Office Flow<\/div>\n<\/td>\n<td>\n<div>Kim<\/div>\n<\/td>\n<td>\n<div>60 Min.<\/div>\n<\/td>\n<td>\n<div>20.-<\/div>\n<\/td>\n<\/tr>\n<tr>\n<td>\n<div>31<\/div>\n<\/td>\n<td>\n<div>Dankbarkeits-Flow<\/div>\n<\/td>\n<td>\n<div>Anna<\/div>\n<\/td>\n<td>\n<div>45 Min.<\/div>\n<\/td>\n<td>\n<div>18.-<\/div>\n<\/td>\n<\/tr>\n<tr>\n<td>\n<div>32<\/div>\n<\/td>\n<td>\n<div>Entschleunigen &#8211; Fokus H\u00fcfte<\/div>\n<\/td>\n<td>\n<div>Kim<\/div>\n<\/td>\n<td>\n<div>40 Min.<\/div>\n<\/td>\n<td>\n<div>18.-<\/div>\n<\/td>\n<\/tr>\n<tr>\n<td>\n<div>33<\/div>\n<\/td>\n<td>\n<div>kraftvoll und ruhig durch bewegte Zeiten<\/div>\n<\/td>\n<td>\n<div>Anna<\/div>\n<\/td>\n<td>\n<div>35 Min.<\/div>\n<\/td>\n<td>\n<div>18.-<\/div>\n<\/td>\n<\/tr>\n<tr>\n<td>\n<div>34<\/div>\n<\/td>\n<td>\n<div>Core Flow<\/div>\n<\/td>\n<td>\n<div>Kim<\/div>\n<\/td>\n<td>\n<div>25 Min.<\/div>\n<\/td>\n<td>\n<div>15.-<\/div>\n<\/td>\n<\/tr>\n<tr>\n<td>\n<div>35<\/div>\n<\/td>\n<td>\n<div>Schultern und Nacken<\/div>\n<\/td>\n<td>\n<div>Anna<\/div>\n<\/td>\n<td>\n<div>20 Min.<\/div>\n<\/td>\n<td>\n<div>15.-<\/div>\n<\/td>\n<\/tr>\n<tr>\n<td>\n<div>36<\/div>\n<\/td>\n<td>\n<div>Wohlf\u00fchl Flow<\/div>\n<\/td>\n<td>\n<div>Anna<\/div>\n<\/td>\n<td>\n<div>20 Min.<\/div>\n<\/td>\n<td>\n<div>15.-<\/div>\n<\/td>\n<\/tr>\n<tr>\n<td>\n<div><\/div>\n<\/td>\n<td>\n<div><\/div>\n<\/td>\n<td>\n<div><\/div>\n<\/td>\n<td>\n<div><\/div>\n<\/td>\n<td>\n<div><\/div>\n<\/td>\n<\/tr>\n<tr>\n<td>\n<div>37<\/div>\n<\/td>\n<td>\n<div>Yin Yoga<\/div>\n<\/td>\n<td>\n<div>Kim<\/div>\n<\/td>\n<td>\n<div>75 Min.<\/div>\n<\/td>\n<td>\n<div>25.-<\/div>\n<\/td>\n<\/tr>\n<tr>\n<td>\n<div>38<\/div>\n<\/td>\n<td>\n<div>Winter Yin<\/div>\n<\/td>\n<td>\n<div>Kim<\/div>\n<\/td>\n<td>\n<div>80 Min.<\/div>\n<\/td>\n<td>\n<div>28.-<\/div>\n<\/td>\n<\/tr>\n<tr>\n<td>\n<div>39<\/div>\n<\/td>\n<td>\n<div>Yin Yoga: Ankommen<\/div>\n<\/td>\n<td>\n<div>Kim<\/div>\n<\/td>\n<td>\n<div>80 Min.<\/div>\n<\/td>\n<td>\n<div>28.-<\/div>\n<\/td>\n<\/tr>\n<tr>\n<td>\n<div>40<\/div>\n<\/td>\n<td>\n<div>Yin Yoga 15.4.2020<\/div>\n<\/td>\n<td>\n<div>Kim<\/div>\n<\/td>\n<td>\n<div>80 Min.<\/div>\n<\/td>\n<td>\n<div>28.-<\/div>\n<\/td>\n<\/tr>\n<tr>\n<td>\n<div><\/div>\n<\/td>\n<td>\n<div><\/div>\n<\/td>\n<td>\n<div><\/div>\n<\/td>\n<td>\n<div><\/div>\n<\/td>\n<td>\n<div><\/div>\n<\/td>\n<\/tr>\n<tr>\n<td>\n<div>41<\/div>\n<\/td>\n<td>\n<div>Mondgr\u00fcsse- sanft in den Abend<\/div>\n<\/td>\n<td>\n<div>Kim<\/div>\n<\/td>\n<td>\n<div>40 Min.<\/div>\n<\/td>\n<td>\n<div>18.-<\/div>\n<\/td>\n<\/tr>\n<\/tbody>\n<\/table>\n<div class=\"elementToProof\"><b>\u00a0<\/b><\/div>\n<table border=\"1\" cellspacing=\"0\" cellpadding=\"0\">\n<tbody>\n<tr>\n<td>\n<div><b>Programme<\/b><\/div>\n<\/td>\n<\/tr>\n<tr>\n<td>\n<div>Detox-Woche 2020<\/div>\n<ul data-editing-info=\"{&quot;unorderedStyleType&quot;:2}\">\n<li>\n<div role=\"presentation\">Kim &amp; Anna<\/div>\n<\/li>\n<li>\n<div role=\"presentation\">5 Tage, CHF 120.-<\/div>\n<\/li>\n<li>\n<div role=\"presentation\">Yoga: 4x 20 Min, 5x 60 Min | Yin: 1x 75 Min.<\/div>\n<\/li>\n<\/ul>\n<\/td>\n<\/tr>\n<tr>\n<td>\n<div>Detox-Woche 2021<\/div>\n<ul data-editing-info=\"{&quot;unorderedStyleType&quot;:2}\">\n<li>\n<div role=\"presentation\">Kim &amp; Anna<\/div>\n<\/li>\n<li>\n<div role=\"presentation\">5 Tage, CHF 120.-<\/div>\n<\/li>\n<\/ul>\n<div>Yoga: 4x 20 Min, 5x 60 Min | Yin: 1x 75 Min.<\/div>\n<\/td>\n<\/tr>\n<tr>\n<td>\n<div>Detox-Woche 2022<\/div>\n<ul data-editing-info=\"{&quot;unorderedStyleType&quot;:2}\">\n<li>\n<div role=\"presentation\">Kim &amp; Anna<\/div>\n<\/li>\n<li>\n<div role=\"presentation\">5 Tage, CHF 85.-<\/div>\n<\/li>\n<li>\n<div role=\"presentation\">Yoga: 2x 60 Min, 3x 45 Min.<\/div>\n<\/li>\n<\/ul>\n<\/td>\n<\/tr>\n<tr>\n<td>\n<div>Prana up your life<\/div>\n<ul data-editing-info=\"{&quot;unorderedStyleType&quot;:2}\">\n<li>\n<div role=\"presentation\">Kim &amp; Anna<\/div>\n<\/li>\n<li>\n<div role=\"presentation\">5 Tage, CHF 120.-<\/div>\n<\/li>\n<li>\n<div role=\"presentation\">Yoga: 4x 20 Min., 5x 60 Min., Yin: 1x 75 Min.<\/div>\n<\/li>\n<\/ul>\n<\/td>\n<\/tr>\n<tr>\n<td>\n<div>Root to Rise<\/div>\n<ul data-editing-info=\"{&quot;unorderedStyleType&quot;:2}\">\n<li>\n<div role=\"presentation\">Kim &amp; Anna<\/div>\n<\/li>\n<li>\n<div role=\"presentation\">4 Tage, CHF 60.-<\/div>\n<\/li>\n<li>\n<div role=\"presentation\">Yoga: 4x 60 Min.<\/div>\n<\/li>\n<\/ul>\n<\/td>\n<\/tr>\n<tr>\n<td>\n<div>When life gives you lemons, make lemonade<\/div>\n<ul data-editing-info=\"{&quot;unorderedStyleType&quot;:2}\">\n<li>\n<div role=\"presentation\">Kim &amp; Anna<\/div>\n<\/li>\n<li>\n<div role=\"presentation\">5 Tage, CHF 75.-<\/div>\n<\/li>\n<li>\n<div role=\"presentation\">Yoga: 5x 60 Min.<\/div>\n<\/li>\n<\/ul>\n<\/td>\n<\/tr>\n<tr>\n<td>\n<div>Let&#8216; Connect<\/div>\n<ul data-editing-info=\"{&quot;unorderedStyleType&quot;:2}\">\n<li>\n<div role=\"presentation\">Kim &amp; Anna<\/div>\n<\/li>\n<li>\n<div role=\"presentation\">5 Tage, CHF 75.-<\/div>\n<\/li>\n<li>\n<div role=\"presentation\">Yoga: 5x 60 Min.<\/div>\n<\/li>\n<\/ul>\n<\/td>\n<\/tr>\n<tr>\n<td>\n<div>Yoga f\u00fcr Schwangere<\/div>\n<ul data-editing-info=\"{&quot;unorderedStyleType&quot;:2}\">\n<li>\n<div role=\"presentation\">Anna<\/div>\n<\/li>\n<li>\n<div role=\"presentation\">Diverse Themen auf Anfrage erh\u00e4ltlich<\/div>\n<\/li>\n<\/ul>\n<\/td>\n<\/tr>\n<\/tbody>\n<\/table>\n<\/div>\n<\/div>\n<\/div><\/div><\/div><\/div><div class=\"wpb_column vc_column_container\"><div class=\"vc_column-inner\"><\/div><\/div><\/div><\/div><\/section><section class=\"l-section wpb_row height_small\"><div class=\"l-section-overlay\" style=\"background:#b9cece\"><\/div><div class=\"l-section-h i-cf\"><div class=\"g-cols vc_row via_grid cols_1 laptops-cols_inherit tablets-cols_inherit mobiles-cols_1 valign_top type_default stacking_default\"><div class=\"wpb_column vc_column_container\"><div class=\"vc_column-inner\"><\/div><\/div><\/div><\/div><\/section>","protected":false},"excerpt":{"rendered":"HANUMAN YOGA Das Hanuman Yoga Studio wurde am 22.02.2026 geschlossen, da sich die Inhaberinnen Anna und Kim mehr auf ihre Familien konzentrieren m\u00f6chten. Wer mit den beiden in Kontakt bleiben und \u00fcber k\u00fcnftige Projekte und sporadische Yogalektionen informiert werden m\u00f6chte, kann sich gerne per Mail (yoga@hanumanyoga.ch) melden und sich auf den Mailverteiler setzen lassen. Es...","protected":false},"author":1,"featured_media":1954,"parent":0,"menu_order":0,"comment_status":"closed","ping_status":"closed","template":"","meta":{"_acf_changed":false,"footnotes":""},"class_list":["post-5747","page","type-page","status-publish","has-post-thumbnail","hentry"],"acf":[],"yoast_head":"<!-- This site is optimized with the Yoast SEO plugin v27.0 - https:\/\/yoast.com\/product\/yoast-seo-wordpress\/ -->\n<title>HOME CLOSE - Hanuman Yoga Basel<\/title>\n<meta name=\"robots\" content=\"index, follow, max-snippet:-1, max-image-preview:large, max-video-preview:-1\" \/>\n<link rel=\"canonical\" href=\"https:\/\/hanumanyoga.ch\/en\/\" \/>\n<meta property=\"og:locale\" content=\"en_US\" \/>\n<meta property=\"og:type\" content=\"article\" \/>\n<meta property=\"og:title\" content=\"HOME CLOSE - Hanuman Yoga Basel\" \/>\n<meta property=\"og:url\" content=\"https:\/\/hanumanyoga.ch\/en\/\" \/>\n<meta property=\"og:site_name\" content=\"HanumanYoga\" \/>\n<meta property=\"article:publisher\" content=\"https:\/\/www.facebook.com\/hanumanyoga.basel\" \/>\n<meta property=\"article:modified_time\" content=\"2026-02-27T20:02:46+00:00\" \/>\n<meta property=\"og:image\" content=\"https:\/\/hanumanyoga.ch\/wp-content\/uploads\/2019\/11\/019-e1576075235484.jpg\" \/>\n\t<meta property=\"og:image:width\" content=\"1920\" \/>\n\t<meta property=\"og:image:height\" content=\"1280\" \/>\n\t<meta property=\"og:image:type\" content=\"image\/jpeg\" \/>\n<meta name=\"twitter:card\" content=\"summary_large_image\" \/>\n<meta name=\"twitter:label1\" content=\"Est. reading time\" \/>\n\t<meta name=\"twitter:data1\" content=\"4 minutes\" \/>\n<script type=\"application\/ld+json\" class=\"yoast-schema-graph\">{\"@context\":\"https:\/\/schema.org\",\"@graph\":[{\"@type\":\"WebPage\",\"@id\":\"https:\/\/hanumanyoga.ch\/\",\"url\":\"https:\/\/hanumanyoga.ch\/\",\"name\":\"HOME CLOSE - Hanuman Yoga Basel\",\"isPartOf\":{\"@id\":\"https:\/\/hanumanyoga.ch\/#website\"},\"primaryImageOfPage\":{\"@id\":\"https:\/\/hanumanyoga.ch\/#primaryimage\"},\"image\":{\"@id\":\"https:\/\/hanumanyoga.ch\/#primaryimage\"},\"thumbnailUrl\":\"https:\/\/hanumanyoga.ch\/wp-content\/uploads\/2019\/11\/019-e1576075235484.jpg\",\"datePublished\":\"2026-02-27T19:41:38+00:00\",\"dateModified\":\"2026-02-27T20:02:46+00:00\",\"breadcrumb\":{\"@id\":\"https:\/\/hanumanyoga.ch\/#breadcrumb\"},\"inLanguage\":\"en-US\",\"potentialAction\":[{\"@type\":\"ReadAction\",\"target\":[\"https:\/\/hanumanyoga.ch\/\"]}]},{\"@type\":\"ImageObject\",\"inLanguage\":\"en-US\",\"@id\":\"https:\/\/hanumanyoga.ch\/#primaryimage\",\"url\":\"https:\/\/hanumanyoga.ch\/wp-content\/uploads\/2019\/11\/019-e1576075235484.jpg\",\"contentUrl\":\"https:\/\/hanumanyoga.ch\/wp-content\/uploads\/2019\/11\/019-e1576075235484.jpg\",\"width\":1920,\"height\":1280,\"caption\":\"Yogastudio Basel Yoga Studio Basel Hanuman Yoga Basel Vinyasa Yoga\"},{\"@type\":\"BreadcrumbList\",\"@id\":\"https:\/\/hanumanyoga.ch\/#breadcrumb\",\"itemListElement\":[{\"@type\":\"ListItem\",\"position\":1,\"name\":\"Startseite\",\"item\":\"https:\/\/hanumanyoga.ch\/\"},{\"@type\":\"ListItem\",\"position\":2,\"name\":\"HOME CLOSE\"}]},{\"@type\":\"WebSite\",\"@id\":\"https:\/\/hanumanyoga.ch\/#website\",\"url\":\"https:\/\/hanumanyoga.ch\/\",\"name\":\"HanumanYoga\",\"description\":\"Hanuman Yoga Studio im Herzen von Basel\",\"potentialAction\":[{\"@type\":\"SearchAction\",\"target\":{\"@type\":\"EntryPoint\",\"urlTemplate\":\"https:\/\/hanumanyoga.ch\/?s={search_term_string}\"},\"query-input\":{\"@type\":\"PropertyValueSpecification\",\"valueRequired\":true,\"valueName\":\"search_term_string\"}}],\"inLanguage\":\"en-US\"}]}<\/script>\n<!-- \/ Yoast SEO plugin. -->","yoast_head_json":{"title":"HOME CLOSE - Hanuman Yoga Basel","robots":{"index":"index","follow":"follow","max-snippet":"max-snippet:-1","max-image-preview":"max-image-preview:large","max-video-preview":"max-video-preview:-1"},"canonical":"https:\/\/hanumanyoga.ch\/en\/","og_locale":"en_US","og_type":"article","og_title":"HOME CLOSE - Hanuman Yoga Basel","og_url":"https:\/\/hanumanyoga.ch\/en\/","og_site_name":"HanumanYoga","article_publisher":"https:\/\/www.facebook.com\/hanumanyoga.basel","article_modified_time":"2026-02-27T20:02:46+00:00","og_image":[{"width":1920,"height":1280,"url":"https:\/\/hanumanyoga.ch\/wp-content\/uploads\/2019\/11\/019-e1576075235484.jpg","type":"image\/jpeg"}],"twitter_card":"summary_large_image","twitter_misc":{"Est. reading time":"4 minutes"},"schema":{"@context":"https:\/\/schema.org","@graph":[{"@type":"WebPage","@id":"https:\/\/hanumanyoga.ch\/","url":"https:\/\/hanumanyoga.ch\/","name":"HOME CLOSE - Hanuman Yoga Basel","isPartOf":{"@id":"https:\/\/hanumanyoga.ch\/#website"},"primaryImageOfPage":{"@id":"https:\/\/hanumanyoga.ch\/#primaryimage"},"image":{"@id":"https:\/\/hanumanyoga.ch\/#primaryimage"},"thumbnailUrl":"https:\/\/hanumanyoga.ch\/wp-content\/uploads\/2019\/11\/019-e1576075235484.jpg","datePublished":"2026-02-27T19:41:38+00:00","dateModified":"2026-02-27T20:02:46+00:00","breadcrumb":{"@id":"https:\/\/hanumanyoga.ch\/#breadcrumb"},"inLanguage":"en-US","potentialAction":[{"@type":"ReadAction","target":["https:\/\/hanumanyoga.ch\/"]}]},{"@type":"ImageObject","inLanguage":"en-US","@id":"https:\/\/hanumanyoga.ch\/#primaryimage","url":"https:\/\/hanumanyoga.ch\/wp-content\/uploads\/2019\/11\/019-e1576075235484.jpg","contentUrl":"https:\/\/hanumanyoga.ch\/wp-content\/uploads\/2019\/11\/019-e1576075235484.jpg","width":1920,"height":1280,"caption":"Yogastudio Basel Yoga Studio Basel Hanuman Yoga Basel Vinyasa Yoga"},{"@type":"BreadcrumbList","@id":"https:\/\/hanumanyoga.ch\/#breadcrumb","itemListElement":[{"@type":"ListItem","position":1,"name":"Startseite","item":"https:\/\/hanumanyoga.ch\/"},{"@type":"ListItem","position":2,"name":"HOME CLOSE"}]},{"@type":"WebSite","@id":"https:\/\/hanumanyoga.ch\/#website","url":"https:\/\/hanumanyoga.ch\/","name":"HanumanYoga","description":"Hanuman Yoga Studio im Herzen von Basel","potentialAction":[{"@type":"SearchAction","target":{"@type":"EntryPoint","urlTemplate":"https:\/\/hanumanyoga.ch\/?s={search_term_string}"},"query-input":{"@type":"PropertyValueSpecification","valueRequired":true,"valueName":"search_term_string"}}],"inLanguage":"en-US"}]}},"_links":{"self":[{"href":"https:\/\/hanumanyoga.ch\/en\/wp-json\/wp\/v2\/pages\/5747","targetHints":{"allow":["GET"]}}],"collection":[{"href":"https:\/\/hanumanyoga.ch\/en\/wp-json\/wp\/v2\/pages"}],"about":[{"href":"https:\/\/hanumanyoga.ch\/en\/wp-json\/wp\/v2\/types\/page"}],"author":[{"embeddable":true,"href":"https:\/\/hanumanyoga.ch\/en\/wp-json\/wp\/v2\/users\/1"}],"replies":[{"embeddable":true,"href":"https:\/\/hanumanyoga.ch\/en\/wp-json\/wp\/v2\/comments?post=5747"}],"version-history":[{"count":12,"href":"https:\/\/hanumanyoga.ch\/en\/wp-json\/wp\/v2\/pages\/5747\/revisions"}],"predecessor-version":[{"id":5749,"href":"https:\/\/hanumanyoga.ch\/en\/wp-json\/wp\/v2\/pages\/5747\/revisions\/5749"}],"wp:featuredmedia":[{"embeddable":true,"href":"https:\/\/hanumanyoga.ch\/en\/wp-json\/wp\/v2\/media\/1954"}],"wp:attachment":[{"href":"https:\/\/hanumanyoga.ch\/en\/wp-json\/wp\/v2\/media?parent=5747"}],"curies":[{"name":"wp","href":"https:\/\/api.w.org\/{rel}","templated":true}]}}