{"id":1680,"date":"2019-10-13T20:27:11","date_gmt":"2019-10-13T18:27:11","guid":{"rendered":"https:\/\/hanumanyoga.ch\/?page_id=1680"},"modified":"2023-10-14T11:21:11","modified_gmt":"2023-10-14T09:21:11","slug":"impressum","status":"publish","type":"page","link":"https:\/\/hanumanyoga.ch\/en\/impressum\/","title":{"rendered":"Impressum"},"content":{"rendered":"<section class=\"l-section wpb_row height_auto\"><div class=\"l-section-h i-cf\"><div class=\"g-cols vc_row via_grid cols_1 laptops-cols_inherit tablets-cols_inherit mobiles-cols_1 valign_top type_default stacking_default\"><div class=\"wpb_column vc_column_container us_custom_4cfb87d6\"><div class=\"vc_column-inner\"><div class=\"wpb_text_column\"><div class=\"wpb_wrapper\"><p><strong>Kontakt-Adresse<br \/>\n<\/strong>Hanuman Yoga GmbH<br \/>\nGreifengasse 7<br \/>\n4058 Basel<br \/>\nSchweiz<\/p>\n<p><strong>E-Mail:<\/strong><br \/>\nyoga@hanumanyoga.ch<\/p>\n<p><strong>Vertretungsberechtigte Person(en)<br \/>\n<\/strong>Kim Giaquinto, Gr\u00fcnderin<br \/>\nAnna Kiyhankhadiv, Gr\u00fcnderin<\/p>\n<p><strong>Handelsregister-Eintrag<br \/>\n<\/strong>Eingetragener Firmenname: Hanuman Yoga GmbH<br \/>\nHandelsregister Nr: CHE-399.777.642<\/p>\n<p><strong>Haftungsausschluss<br \/>\n<\/strong>Der Autor \u00fcbernimmt keinerlei Gew\u00e4hr hinsichtlich der inhaltlichen Richtigkeit, Genauigkeit, Aktualit\u00e4t, Zuverl\u00e4ssigkeit und Vollst\u00e4ndigkeit der Informationen.<\/p>\n<p>Haftungsanspr\u00fcche gegen den Autor wegen Sch\u00e4den materieller oder immaterieller Art, welche aus dem Zugriff oder der Nutzung bzw. Nichtnutzung der ver\u00f6ffentlichten Informationen, durch Missbrauch der Verbindung oder durch technische St\u00f6rungen entstanden sind, werden ausgeschlossen.<\/p>\n<p>Alle Angebote sind unverbindlich. Der Autor beh\u00e4lt es sich ausdr\u00fccklich vor, Teile der Seiten oder das gesamte Angebot ohne besondere Ank\u00fcndigung zu ver\u00e4ndern, zu erg\u00e4nzen, zu l\u00f6schen oder die Ver\u00f6ffentlichung zeitweise oder endg\u00fcltig einzustellen.<\/p>\n<p><strong>Haftungsausschluss f\u00fcr Links<br \/>\n<\/strong>Verweise und Links auf Webseiten Dritter liegen ausserhalb unseres Verantwortungsbereichs. Es wird jegliche Verantwortung f\u00fcr solche Webseiten abgelehnt. Der Zugriff und die Nutzung solcher Webseiten erfolgen auf eigene Gefahr des jeweiligen Nutzers.<\/p>\n<p><strong>Urheberrechte<br \/>\n<\/strong>Die Urheber- und alle anderen Rechte an Inhalten, Bildern, Fotos oder anderen Dateien auf dieser Website, geh\u00f6ren ausschliesslich <strong>der Firma Hanuman Yoga<\/strong> oder den speziell genannten Rechteinhabern. F\u00fcr die Reproduktion jeglicher Elemente ist die schriftliche Zustimmung des Urheberrechtstr\u00e4gers im Voraus einzuholen.<\/p>\n<p>&nbsp;<\/p>\n<p>Quelle: <a style=\"color: inherit;\" href=\"https:\/\/www.swissanwalt.ch\/impressum-generator.aspx\" target=\"_blank\" rel=\"noopener noreferrer\">Impressum-Generator von SwissAnwalt<\/a><\/p>\n<\/div><\/div><\/div><\/div><\/div><\/div><\/section><section class=\"l-section wpb_row height_auto\"><div class=\"l-section-h i-cf\"><div class=\"g-cols vc_row via_grid cols_1 laptops-cols_inherit tablets-cols_inherit mobiles-cols_1 valign_top type_default stacking_default\"><div class=\"wpb_column vc_column_container\"><div class=\"vc_column-inner\"><div class=\"w-separator size_large with_line width_50 thick_3 style_solid color_border align_center\"><div class=\"w-separator-h\"><\/div><\/div><\/div><\/div><\/div><\/div><\/section><section class=\"l-section wpb_row height_auto\"><div class=\"l-section-h i-cf\"><div class=\"g-cols vc_row via_grid cols_1 laptops-cols_inherit tablets-cols_inherit mobiles-cols_1 valign_top type_default stacking_default\"><div class=\"wpb_column vc_column_container\"><div class=\"vc_column-inner\"><div class=\"wpb_text_column\"><div class=\"wpb_wrapper\"><h3>Datenschutzerkl\u00e4rung<\/h3>\n<p>Im Folgenden informieren wir \u00fcber die Erhebung personenbezogener Daten bei Nutzung der Webseite www.psp-basel.ch einschliesslich etwaiger L\u00e4nderversionen und Subdomains (nachfolgend \u201eWebseite\u201c).<\/p>\n<h3>Verantwortliche Stelle<\/h3>\n<p>Hanuman Yoga GmbH<br \/>\nGreifengasse 7<br \/>\n4058 Basel<\/p>\n<p>E-Mail: yoga@hanumanyoga.ch<br \/>\nWebSite: http:\/\/hanumanyoga.ch\/<\/p>\n<h3>Erhebung personenbezogener Daten<\/h3>\n<p>Bei der bloss informatorischen Nutzung der Webseite, also wenn Sie sich nicht zur Nutzung der Webseite anmelden oder uns sonst Informationen \u00fcbermitteln, erheben wir keine personenbezogenen Daten, mit Ausnahme der Daten, die Ihr Browser \u00fcbermittelt, um Ihnen den Besuch der Webseite zu erm\u00f6glichen (namentlich IP-Adresse, Browser, jeweils \u00fcbertragene Datenmenge, etc.).<\/p>\n<h3>Verarbeitungszwecke und Rechtsgrundlage<\/h3>\n<p>Wir verarbeiten Personendaten im Zusammenhang mit der Bereitstellung unserer Dienstleistungen f\u00fcr Sie sowie gegebenenfalls f\u00fcr die Kommunikation mit Ihnen (z.B. \u00fcber das Kontaktformular). Die Verarbeitung Ihrer Daten ist zur Wahrung unserer berechtigten Interessen erforderlich.<\/p>\n<p>Soweit Sie uns eine Einwilligung zur Bearbeitung Ihrer Personaldaten f\u00fcr bestimmte Zwecke erteilt haben, bearbeiten wir Ihre Personendaten im Rahmen und gest\u00fctzt auf diese Einwilligung, soweit wir keine andere Rechtsgrundlage haben und keine solche ben\u00f6tigen. Eine erteilte Einwilligung kann jederzeit widerrufen werden, was jedoch keine Auswirkung auf bereits erfolgte Datenbearbeitungen hat.<\/p>\n<h3>Datenherkunft<\/h3>\n<p>Wir erfassen nur pers\u00f6nliche Daten, die Sie uns bei der Kommunikation mit uns zur Verf\u00fcgung stellen (wie Name, E-Mail- und Postadresse, Telefonnummer).<\/p>\n<h3>Empf\u00e4nger<\/h3>\n<p>Wir geben im Rahmen unserer gesch\u00e4ftlichen Aktivit\u00e4ten und Zwecke, soweit erlaubt, Personendaten gegebenenfalls auch Dritten bekannt. Dabei geht es insbesondere um folgende Datenempf\u00e4nger:<\/p>\n<p>&#8211; Dritte im Rahmen der Erf\u00fcllung von rechtlichen oder vertraglichen Verpflichtungen.<\/p>\n<p>Diese Empf\u00e4nger sind teilweise in der Schweiz, k\u00f6nnen aber auch im Ausland sein. Sie m\u00fcssen insbesondere mit der \u00dcbermittlung Ihrer Daten in alle L\u00e4nder rechnen, wo sich die von uns benutzten Dienstleister befinden. Wenn wir Daten in ein Land ohne angemessenen gesetzlichen Datenschutz \u00fcbermitteln, sorgen wir wie gesetzlich vorgesehen mittels Einsatz von entsprechenden Vertr\u00e4gen f\u00fcr ein angemessenes Schutzniveau oder st\u00fctzen uns auf die gesetzlichen Ausnahmentatbest\u00e4nde der Einwilligung, der Vertragsabwicklung, der Feststellung, Aus\u00fcbung oder Durchsetzung von Rechtsanspr\u00fcchen, \u00fcberwiegender \u00f6ffentlicher Interessen, der ver\u00f6ffentlichten Personendaten oder weil es zum Schutz der Unversehrtheit der betroffenen Personen n\u00f6tig ist.<\/p>\n<h3>Newsletter<\/h3>\n<p>Gerne informieren wir Sie \u00fcber unsere Newsletter \u00fcber aktuelle Themen rund um unsere T\u00e4tigkeiten und Angebote. Sie k\u00f6nnen sich jederzeit vom Newsletter wieder abmelden und damit der weiteren Verwendung Ihrer Daten widersprechen.<\/p>\n<h3>Verwendung von Cookies<\/h3>\n<p>Wir setzen auf unseren Websites typischerweise &#8222;Cookies&#8220; und vergleichbare Techniken ein, mit denen Ihr Browser oder Ihr Ger\u00e4t identifiziert werden kann. Bei Cookies handelt es sich um kleine Textdateien, die auf Ihrer Festplatte dem von Ihnen verwendeten Browser zugeordnet gespeichert werden und durch welche der Stelle, die den Cookie setzt (in diesem Fall also uns), bestimmte Informationen zufliessen. Sie dienen dazu, das Internetangebot insgesamt nutzerfreundlicher und effektiver zu machen und das Surfverhalten der Webseitenbesucher zu analysieren. Wir setzen Cookies dazu ein, um Sie f\u00fcr Folgebesuche identifizieren zu k\u00f6nnen.<\/p>\n<p>Sie k\u00f6nnen Ihre Browser-Einstellung entsprechend Ihren W\u00fcnschen konfigurieren und z.\u2009B. die Annahme von Third-Party-Cookies oder allen Cookies ablehnen. Wir weisen Sie jedoch darauf hin, dass Sie dann eventuell nicht alle Funktionen dieser Webseite nutzen k\u00f6nnen.<\/p>\n<h3>Google Analytics<\/h3>\n<p>Wir setzen auf unserer Website die Dienste von Google Analytics ein, einem Web-Analyse-Dienst. Die Web-Analyse umfasst die Erhebung, Sammlung und Auswertung von Daten \u00fcber das Verhalten von Besuchern von Internetseiten. Ein Web-Analyse-Dienst erfasst unter anderem Daten dar\u00fcber, von welcher Internetseite eine betroffene Person auf eine Internetseite gekommen ist, auf welche Unterseiten der Internetseite zugegriffen oder wie oft und f\u00fcr welche Verweildauer eine Unterseite betrachtet wurde. Eine Web-Analyse wird \u00fcberwiegend zur Optimierung einer Internetseite genutzt.<\/p>\n<p>Betreibergesellschaft von Google Analytics ist die Google Inc., 1600 Amphitheatre Pkwy, Mountain View, CA 94043-1351, USA.<\/p>\n<p>Es besteht f\u00fcr die betroffene Person die M\u00f6glichkeit, einer Erfassung der durch Google Analytics erzeugten, auf eine Nutzung dieser Internetseite bezogenen Daten sowie der Bearbeitung dieser Daten durch Google zu widersprechen und eine solche zu verhindern. Hierzu muss die betroffene Person ein Browser-Add-On unter dem Link https:\/\/tools.google.com\/dlpage\/gaoptout herunterladen und installieren. Dieses Browser-Add-On teilt Google Analytics \u00fcber JavaScript mit, dass keine Daten und Informationen zu den Besuchen von Internetseiten an Google Analytics \u00fcbermittelt werden d\u00fcrfen. Die Installation des Browser-Add-Ons wird von Google als Widerspruch gewertet.<\/p>\n<p>Weitere Informationen und die geltenden Datenschutzbestimmungen von Google k\u00f6nnen unter https:\/\/www.google.de\/intl\/de\/policies\/privacy und unter http:\/\/www.google.com\/analytics\/terms\/de.html abgerufen werden. Google Analytics wird unter diesem Link https:\/\/www.google.com\/intl\/de_de\/analytics genauer erl\u00e4utert.<\/p>\n<p>&nbsp;<\/p>\n<h3>Social Media-Plugins<\/h3>\n<p>Wir setzen auf unserer Website ferner sog. Plugins von sozialen Netzwerken wie Facebook (Meta), Instagram und LinkedIn. Das ist f\u00fcr Sie typischerweise \u00fcber entsprechende Symbole am unteren Rand der Website ersichtlich. Wir haben diese Plugins so konfiguriert, dass sie standardm\u00e4ssig deaktiviert sind. Aktivieren Sie sie (durch Anklicken), k\u00f6nnen die Betreiber der jeweiligen sozialen Netzwerke registrieren,<\/p>\n<p>dass Sie auf unserer Website sind und wo und k\u00f6nnen diese Informationen f\u00fcr ihre Zwecke nutzen. Die Bearbeitung Ihrer Personendaten erfolgt dann in Verantwortung dieses Betreibers nach dessen Datenschutzbestimmungen.<\/p>\n<h3>Dauer der Speicherung der Daten<\/h3>\n<p>Soweit nicht anders angegeben, speichern wir Nutzungsdaten oder andere personenbezogenen Daten so lange, wie wir dies zur Einhaltung der geltenden Gesetze als notwendig oder angemessen erachten oder so lange wir es f\u00fcr die Zwecke, f\u00fcr die sie bearbeitet werden, als notwendig erachten. Wir l\u00f6schen Ihre Daten, sobald diese nicht mehr ben\u00f6tigt werden und auf jeden Fall nach Ablauf der gesetzlich vorgeschriebenen maximalen Aufbewahrungsfrist.<\/p>\n<h3>Datensicherheit<\/h3>\n<p>Wir unterhalten aktuelle technische Massnahmen zur Gew\u00e4hrleistung der Datensicherheit, insbesondere zum Schutz Ihrer personenbezogenen Daten vor Gefahren bei Daten\u00fcbertragungen sowie vor Kenntniserlangung durch Dritte. Diese werden dem aktuellen Stand der Technik entsprechend jeweils angepasst.<\/p>\n<p>Rechte der betroffenen Person<\/p>\n<p>Ihnen stehen bei Vorliegen der massgebenden gesetzlichen Voraussetzungen folgende Rechte zu:<\/p>\n<p>\u00b7 das Recht, Auskunft \u00fcber Ihre bei uns gespeicherten Personendaten zu verlangen;<\/p>\n<p>\u00b7 das Recht, unrichtige oder unvollst\u00e4ndige Personendaten korrigieren zu lassen;<\/p>\n<p>\u00b7 das Recht, die L\u00f6schung oder Anonymisierung Ihrer Personendaten zu verlangen;<\/p>\n<p>\u00b7 das Recht, die Einschr\u00e4nkung der Bearbeitung Ihrer Personendaten zu verlangen;<\/p>\n<p>\u00b7 das Recht, bestimmte Personendaten in einem strukturierten, g\u00e4ngigen und maschinenlesbaren Format zu erhalten;<\/p>\n<p>\u00b7 das Recht, eine Einwilligung mit Wirkung f\u00fcr die Zukunft zu widerrufen, soweit eine Bearbeitung auf einer Einwilligung beruht.<\/p>\n<p>&nbsp;<\/p>\n<p>Bitte beachten Sie, dass wir uns vorbehalten, unsererseits die gesetzlich vorgesehenen Einschr\u00e4nkungen geltend zu machen, etwa wenn wir zur Aufbewahrung oder Bearbeitung gewisser Daten verpflichtet sind, daran ein \u00fcberwiegendes Interesse haben (soweit wir uns darauf berufen d\u00fcrfen) oder sie f\u00fcr die Geltendmachung von Anspr\u00fcchen ben\u00f6tigen.<\/p>\n<p>Die Aus\u00fcbung solcher Rechte setzt in der Regel voraus, dass Sie Ihre Identit\u00e4t eindeutig nachweisen (z.B. durch eine Ausweiskopie). Zur Geltendmachung Ihrer Rechte k\u00f6nnen Sie uns unter der oben angegebenen Adresse kontaktieren.<\/p>\n<p>Jede betroffene Person hat \u00fcberdies das Recht, ihre Anspr\u00fcche gerichtlich durchzusetzen oder bei der zust\u00e4ndigen Datenschutzbeh\u00f6rde eine Beschwerde einzureichen. Die zust\u00e4ndige Datenschutzbeh\u00f6rde der Schweiz ist der Eidgen\u00f6ssische Datenschutz- und \u00d6ffentlichkeitsbeauftragte (http:\/\/www.edoeb.admin.ch).<\/p>\n<h3>\u00c4nderung der Datenschutzerkl\u00e4rung<\/h3>\n<p>Wir k\u00f6nnen diese Datenschutzerkl\u00e4rung jederzeit ohne Vorank\u00fcndigung anpassen. Es gilt die jeweils aktuelle, auf unserer Website publizierte Fassung.<\/p>\n<p>Stand: 10. Oktober 2023<!--Bitte beachten Sie die AGB von SwissAnwalt betreffend allf\u00e4llig anfallenden Kosten bei Weglassen der Quelle!--><\/p>\n<\/div><\/div><\/div><\/div><\/div><\/div><\/section>","protected":false},"excerpt":{"rendered":"Kontakt-Adresse Hanuman Yoga GmbH Greifengasse 7 4058 Basel Schweiz E-Mail: yoga@hanumanyoga.ch Vertretungsberechtigte Person(en) Kim Giaquinto, Gr\u00fcnderin Anna Kiyhankhadiv, Gr\u00fcnderin Handelsregister-Eintrag Eingetragener Firmenname: Hanuman Yoga GmbH Handelsregister Nr: CHE-399.777.642 Haftungsausschluss Der Autor \u00fcbernimmt keinerlei Gew\u00e4hr hinsichtlich der inhaltlichen Richtigkeit, Genauigkeit, Aktualit\u00e4t, Zuverl\u00e4ssigkeit und Vollst\u00e4ndigkeit der Informationen. Haftungsanspr\u00fcche gegen den Autor wegen Sch\u00e4den materieller oder immaterieller Art,...","protected":false},"author":1,"featured_media":0,"parent":0,"menu_order":12,"comment_status":"closed","ping_status":"closed","template":"","meta":{"_acf_changed":false,"footnotes":""},"class_list":["post-1680","page","type-page","status-publish","hentry"],"acf":[],"yoast_head":"<!-- This site is optimized with the Yoast SEO plugin v27.0 - https:\/\/yoast.com\/product\/yoast-seo-wordpress\/ -->\n<title>Impressum - Hanuman Yoga Basel<\/title>\n<meta name=\"robots\" content=\"noindex, nofollow\" \/>\n<meta property=\"og:locale\" content=\"en_US\" \/>\n<meta property=\"og:type\" content=\"article\" \/>\n<meta property=\"og:title\" content=\"Impressum - Hanuman Yoga Basel\" \/>\n<meta property=\"og:url\" content=\"https:\/\/hanumanyoga.ch\/en\/impressum\/\" \/>\n<meta property=\"og:site_name\" content=\"HanumanYoga\" \/>\n<meta property=\"article:publisher\" content=\"https:\/\/www.facebook.com\/hanumanyoga.basel\" \/>\n<meta property=\"article:modified_time\" content=\"2023-10-14T09:21:11+00:00\" \/>\n<meta property=\"og:image\" content=\"https:\/\/hanumanyoga.ch\/wp-content\/uploads\/2019\/10\/HanumanLogoSchriftColorTransparent.png\" \/>\n\t<meta property=\"og:image:width\" content=\"798\" \/>\n\t<meta property=\"og:image:height\" content=\"422\" \/>\n\t<meta property=\"og:image:type\" content=\"image\/png\" \/>\n<meta name=\"twitter:card\" content=\"summary_large_image\" \/>\n<meta name=\"twitter:label1\" content=\"Est. reading time\" \/>\n\t<meta name=\"twitter:data1\" content=\"9 minutes\" \/>\n<script type=\"application\/ld+json\" class=\"yoast-schema-graph\">{\"@context\":\"https:\/\/schema.org\",\"@graph\":[{\"@type\":\"WebPage\",\"@id\":\"https:\/\/hanumanyoga.ch\/impressum\/\",\"url\":\"https:\/\/hanumanyoga.ch\/impressum\/\",\"name\":\"Impressum - Hanuman Yoga Basel\",\"isPartOf\":{\"@id\":\"https:\/\/hanumanyoga.ch\/#website\"},\"datePublished\":\"2019-10-13T18:27:11+00:00\",\"dateModified\":\"2023-10-14T09:21:11+00:00\",\"breadcrumb\":{\"@id\":\"https:\/\/hanumanyoga.ch\/impressum\/#breadcrumb\"},\"inLanguage\":\"en-US\",\"potentialAction\":[{\"@type\":\"ReadAction\",\"target\":[\"https:\/\/hanumanyoga.ch\/impressum\/\"]}]},{\"@type\":\"BreadcrumbList\",\"@id\":\"https:\/\/hanumanyoga.ch\/impressum\/#breadcrumb\",\"itemListElement\":[{\"@type\":\"ListItem\",\"position\":1,\"name\":\"Startseite\",\"item\":\"https:\/\/hanumanyoga.ch\/\"},{\"@type\":\"ListItem\",\"position\":2,\"name\":\"Impressum\"}]},{\"@type\":\"WebSite\",\"@id\":\"https:\/\/hanumanyoga.ch\/#website\",\"url\":\"https:\/\/hanumanyoga.ch\/\",\"name\":\"HanumanYoga\",\"description\":\"Hanuman Yoga Studio im Herzen von Basel\",\"potentialAction\":[{\"@type\":\"SearchAction\",\"target\":{\"@type\":\"EntryPoint\",\"urlTemplate\":\"https:\/\/hanumanyoga.ch\/?s={search_term_string}\"},\"query-input\":{\"@type\":\"PropertyValueSpecification\",\"valueRequired\":true,\"valueName\":\"search_term_string\"}}],\"inLanguage\":\"en-US\"}]}<\/script>\n<!-- \/ Yoast SEO plugin. -->","yoast_head_json":{"title":"Impressum - Hanuman Yoga Basel","robots":{"index":"noindex","follow":"nofollow"},"og_locale":"en_US","og_type":"article","og_title":"Impressum - Hanuman Yoga Basel","og_url":"https:\/\/hanumanyoga.ch\/en\/impressum\/","og_site_name":"HanumanYoga","article_publisher":"https:\/\/www.facebook.com\/hanumanyoga.basel","article_modified_time":"2023-10-14T09:21:11+00:00","og_image":[{"width":798,"height":422,"url":"https:\/\/hanumanyoga.ch\/wp-content\/uploads\/2019\/10\/HanumanLogoSchriftColorTransparent.png","type":"image\/png"}],"twitter_card":"summary_large_image","twitter_misc":{"Est. reading time":"9 minutes"},"schema":{"@context":"https:\/\/schema.org","@graph":[{"@type":"WebPage","@id":"https:\/\/hanumanyoga.ch\/impressum\/","url":"https:\/\/hanumanyoga.ch\/impressum\/","name":"Impressum - Hanuman Yoga Basel","isPartOf":{"@id":"https:\/\/hanumanyoga.ch\/#website"},"datePublished":"2019-10-13T18:27:11+00:00","dateModified":"2023-10-14T09:21:11+00:00","breadcrumb":{"@id":"https:\/\/hanumanyoga.ch\/impressum\/#breadcrumb"},"inLanguage":"en-US","potentialAction":[{"@type":"ReadAction","target":["https:\/\/hanumanyoga.ch\/impressum\/"]}]},{"@type":"BreadcrumbList","@id":"https:\/\/hanumanyoga.ch\/impressum\/#breadcrumb","itemListElement":[{"@type":"ListItem","position":1,"name":"Startseite","item":"https:\/\/hanumanyoga.ch\/"},{"@type":"ListItem","position":2,"name":"Impressum"}]},{"@type":"WebSite","@id":"https:\/\/hanumanyoga.ch\/#website","url":"https:\/\/hanumanyoga.ch\/","name":"HanumanYoga","description":"Hanuman Yoga Studio im Herzen von Basel","potentialAction":[{"@type":"SearchAction","target":{"@type":"EntryPoint","urlTemplate":"https:\/\/hanumanyoga.ch\/?s={search_term_string}"},"query-input":{"@type":"PropertyValueSpecification","valueRequired":true,"valueName":"search_term_string"}}],"inLanguage":"en-US"}]}},"_links":{"self":[{"href":"https:\/\/hanumanyoga.ch\/en\/wp-json\/wp\/v2\/pages\/1680","targetHints":{"allow":["GET"]}}],"collection":[{"href":"https:\/\/hanumanyoga.ch\/en\/wp-json\/wp\/v2\/pages"}],"about":[{"href":"https:\/\/hanumanyoga.ch\/en\/wp-json\/wp\/v2\/types\/page"}],"author":[{"embeddable":true,"href":"https:\/\/hanumanyoga.ch\/en\/wp-json\/wp\/v2\/users\/1"}],"replies":[{"embeddable":true,"href":"https:\/\/hanumanyoga.ch\/en\/wp-json\/wp\/v2\/comments?post=1680"}],"version-history":[{"count":0,"href":"https:\/\/hanumanyoga.ch\/en\/wp-json\/wp\/v2\/pages\/1680\/revisions"}],"wp:attachment":[{"href":"https:\/\/hanumanyoga.ch\/en\/wp-json\/wp\/v2\/media?parent=1680"}],"curies":[{"name":"wp","href":"https:\/\/api.w.org\/{rel}","templated":true}]}}